{"id":16,"date":"2025-05-14T08:36:33","date_gmt":"2025-05-14T11:36:33","guid":{"rendered":"https:\/\/www.temperosaude.com.br\/?page_id=16"},"modified":"2025-05-14T08:39:48","modified_gmt":"2025-05-14T11:39:48","slug":"tempero-saude","status":"publish","type":"page","link":"https:\/\/www.temperosaude.com.br\/","title":{"rendered":"TEMPERO SA\u00daDE"},"content":{"rendered":"\t\t<div data-elementor-type=\"wp-page\" data-elementor-id=\"16\" class=\"elementor elementor-16\" data-elementor-post-type=\"page\">\n\t\t\t\t<div class=\"elementor-element elementor-element-1682b041 e-con-full e-flex wpr-particle-no wpr-jarallax-no wpr-parallax-no wpr-sticky-section-no wpr-equal-height-no e-con e-parent\" data-id=\"1682b041\" data-element_type=\"container\" data-e-type=\"container\" data-settings=\"{&quot;background_background&quot;:&quot;classic&quot;}\">\n\t\t<div class=\"elementor-element elementor-element-57aab43a e-con-full e-flex wpr-particle-no wpr-jarallax-no wpr-parallax-no wpr-sticky-section-no wpr-equal-height-no e-con e-child\" data-id=\"57aab43a\" data-element_type=\"container\" data-e-type=\"container\">\n\t\t\t\t<div class=\"elementor-element elementor-element-5c2c37c7 elementor-widget elementor-widget-image\" data-id=\"5c2c37c7\" data-element_type=\"widget\" data-e-type=\"widget\" data-widget_type=\"image.default\">\n\t\t\t\t<div class=\"elementor-widget-container\">\n\t\t\t\t\t\t\t\t\t\t\t\t\t\t\t<img fetchpriority=\"high\" decoding=\"async\" width=\"2305\" height=\"2147\" src=\"https:\/\/www.temperosaude.com.br\/wp-content\/uploads\/2025\/05\/Ativo-3.png\" class=\"attachment-full size-full wp-image-37\" alt=\"\" srcset=\"https:\/\/www.temperosaude.com.br\/wp-content\/uploads\/2025\/05\/Ativo-3.png 2305w, https:\/\/www.temperosaude.com.br\/wp-content\/uploads\/2025\/05\/Ativo-3-300x279.png 300w, https:\/\/www.temperosaude.com.br\/wp-content\/uploads\/2025\/05\/Ativo-3-1024x954.png 1024w, https:\/\/www.temperosaude.com.br\/wp-content\/uploads\/2025\/05\/Ativo-3-768x715.png 768w, https:\/\/www.temperosaude.com.br\/wp-content\/uploads\/2025\/05\/Ativo-3-1536x1431.png 1536w, https:\/\/www.temperosaude.com.br\/wp-content\/uploads\/2025\/05\/Ativo-3-2048x1908.png 2048w\" sizes=\"(max-width: 2305px) 100vw, 2305px\" \/>\t\t\t\t\t\t\t\t\t\t\t\t\t\t\t<\/div>\n\t\t\t\t<\/div>\n\t\t\t\t<\/div>\n\t\t\t\t<\/div>\n\t\t<div class=\"elementor-element elementor-element-7ed97e8f e-flex e-con-boxed wpr-particle-no wpr-jarallax-no wpr-parallax-no wpr-sticky-section-no wpr-equal-height-no e-con e-parent\" data-id=\"7ed97e8f\" data-element_type=\"container\" data-e-type=\"container\" id=\"aboutus\" data-settings=\"{&quot;background_background&quot;:&quot;classic&quot;}\">\n\t\t\t\t\t<div class=\"e-con-inner\">\n\t\t<div class=\"elementor-element elementor-element-1c4451de e-con-full e-flex wpr-particle-no wpr-jarallax-no wpr-parallax-no wpr-sticky-section-no wpr-equal-height-no e-con e-child\" data-id=\"1c4451de\" data-element_type=\"container\" data-e-type=\"container\">\n\t\t\t\t<div class=\"elementor-element elementor-element-6e7acaf elementor-widget elementor-widget-heading\" data-id=\"6e7acaf\" data-element_type=\"widget\" data-e-type=\"widget\" data-widget_type=\"heading.default\">\n\t\t\t\t<div class=\"elementor-widget-container\">\n\t\t\t\t\t<h2 class=\"elementor-heading-title elementor-size-default\">Comendo bem<br>com sa\u00fade<\/h2>\t\t\t\t<\/div>\n\t\t\t\t<\/div>\n\t\t\t\t<div class=\"elementor-element elementor-element-97bbcc1 elementor-widget elementor-widget-text-editor\" data-id=\"97bbcc1\" data-element_type=\"widget\" data-e-type=\"widget\" data-widget_type=\"text-editor.default\">\n\t\t\t\t<div class=\"elementor-widget-container\">\n\t\t\t\t\t\t\t\t\t<div class=\"flex-shrink-0 flex flex-col relative items-end\"><div><div class=\"pt-0\"><div class=\"gizmo-bot-avatar flex h-8 w-8 items-center justify-center overflow-hidden rounded-full\"><div class=\"relative p-1 rounded-sm flex items-center justify-center bg-token-main-surface-primary text-token-text-primary h-8 w-8\">Comer bem \u00e9 essencial para manter a sa\u00fade em dia, e isso se reflete diretamente em nosso bem-estar. No nosso restaurante, cada prato \u00e9 elaborado com ingredientes frescos e nutritivos, garantindo sabor e qualidade em cada garfada. Acreditamos que uma alimenta\u00e7\u00e3o equilibrada n\u00e3o precisa ser sem gra\u00e7a; pelo contr\u00e1rio, ela pode ser uma experi\u00eancia deliciosa! Nossa miss\u00e3o \u00e9 oferecer refei\u00e7\u00f5es que nutram o corpo e elevem o esp\u00edrito, sempre com a seguran\u00e7a que o ambiente hospitalar exige. Venha saborear uma refei\u00e7\u00e3o saud\u00e1vel e descubra como comer bem pode ser prazeroso!<\/div><\/div><\/div><\/div><\/div>\t\t\t\t\t\t\t\t<\/div>\n\t\t\t\t<\/div>\n\t\t\t\t<div class=\"elementor-element elementor-element-68654505 elementor-widget elementor-widget-image\" data-id=\"68654505\" data-element_type=\"widget\" data-e-type=\"widget\" data-widget_type=\"image.default\">\n\t\t\t\t<div class=\"elementor-widget-container\">\n\t\t\t\t\t\t\t\t\t\t\t\t\t\t\t<img decoding=\"async\" width=\"600\" height=\"427\" src=\"https:\/\/www.temperosaude.com.br\/wp-content\/uploads\/2025\/05\/good-mood-cute-positive-woman-kitchen.jpg\" class=\"attachment-large size-large wp-image-30\" alt=\"\" srcset=\"https:\/\/www.temperosaude.com.br\/wp-content\/uploads\/2025\/05\/good-mood-cute-positive-woman-kitchen.jpg 600w, https:\/\/www.temperosaude.com.br\/wp-content\/uploads\/2025\/05\/good-mood-cute-positive-woman-kitchen-300x214.jpg 300w\" sizes=\"(max-width: 600px) 100vw, 600px\" \/>\t\t\t\t\t\t\t\t\t\t\t\t\t\t\t<\/div>\n\t\t\t\t<\/div>\n\t\t\t\t<div class=\"elementor-element elementor-element-9ff606e elementor-widget elementor-widget-heading\" data-id=\"9ff606e\" data-element_type=\"widget\" data-e-type=\"widget\" data-widget_type=\"heading.default\">\n\t\t\t\t<div class=\"elementor-widget-container\">\n\t\t\t\t\t<h5 class=\"elementor-heading-title elementor-size-default\">Saboroso<\/h5>\t\t\t\t<\/div>\n\t\t\t\t<\/div>\n\t\t\t\t<div class=\"elementor-element elementor-element-7769a6df elementor-widget elementor-widget-text-editor\" data-id=\"7769a6df\" data-element_type=\"widget\" data-e-type=\"widget\" data-widget_type=\"text-editor.default\">\n\t\t\t\t<div class=\"elementor-widget-container\">\n\t\t\t\t\t\t\t\t\t<p>Cada prato \u00e9 uma explos\u00e3o de sabores, provando que alimenta\u00e7\u00e3o hospitalar pode ser deliciosa e reconfortante.<\/p>\t\t\t\t\t\t\t\t<\/div>\n\t\t\t\t<\/div>\n\t\t\t\t<\/div>\n\t\t<div class=\"elementor-element elementor-element-11f18330 e-con-full e-flex wpr-particle-no wpr-jarallax-no wpr-parallax-no wpr-sticky-section-no wpr-equal-height-no e-con e-child\" data-id=\"11f18330\" data-element_type=\"container\" data-e-type=\"container\">\n\t\t\t\t<div class=\"elementor-element elementor-element-24684afe elementor-widget elementor-widget-image\" data-id=\"24684afe\" data-element_type=\"widget\" data-e-type=\"widget\" data-widget_type=\"image.default\">\n\t\t\t\t<div class=\"elementor-widget-container\">\n\t\t\t\t\t\t\t\t\t\t\t\t\t\t\t<img decoding=\"async\" width=\"600\" height=\"427\" src=\"https:\/\/www.temperosaude.com.br\/wp-content\/uploads\/2025\/05\/fueling-performance-athletes-plate.jpg\" class=\"attachment-large size-large wp-image-29\" alt=\"\" srcset=\"https:\/\/www.temperosaude.com.br\/wp-content\/uploads\/2025\/05\/fueling-performance-athletes-plate.jpg 600w, https:\/\/www.temperosaude.com.br\/wp-content\/uploads\/2025\/05\/fueling-performance-athletes-plate-300x214.jpg 300w\" sizes=\"(max-width: 600px) 100vw, 600px\" \/>\t\t\t\t\t\t\t\t\t\t\t\t\t\t\t<\/div>\n\t\t\t\t<\/div>\n\t\t\t\t<div class=\"elementor-element elementor-element-7a009eb8 elementor-widget elementor-widget-heading\" data-id=\"7a009eb8\" data-element_type=\"widget\" data-e-type=\"widget\" data-widget_type=\"heading.default\">\n\t\t\t\t<div class=\"elementor-widget-container\">\n\t\t\t\t\t<h5 class=\"elementor-heading-title elementor-size-default\">Nutritivo<\/h5>\t\t\t\t<\/div>\n\t\t\t\t<\/div>\n\t\t\t\t<div class=\"elementor-element elementor-element-26873202 elementor-widget elementor-widget-text-editor\" data-id=\"26873202\" data-element_type=\"widget\" data-e-type=\"widget\" data-widget_type=\"text-editor.default\">\n\t\t\t\t<div class=\"elementor-widget-container\">\n\t\t\t\t\t\t\t\t\t<p>Nossas refei\u00e7\u00f5es s\u00e3o cuidadosamente preparadas com ingredientes frescos, garantindo o aporte nutricional necess\u00e1rio para uma recupera\u00e7\u00e3o saud\u00e1vel.<\/p>\t\t\t\t\t\t\t\t<\/div>\n\t\t\t\t<\/div>\n\t\t\t\t<div class=\"elementor-element elementor-element-75767ec7 elementor-widget elementor-widget-image\" data-id=\"75767ec7\" data-element_type=\"widget\" data-e-type=\"widget\" data-widget_type=\"image.default\">\n\t\t\t\t<div class=\"elementor-widget-container\">\n\t\t\t\t\t\t\t\t\t\t\t\t\t\t\t<img loading=\"lazy\" decoding=\"async\" width=\"600\" height=\"427\" src=\"https:\/\/www.temperosaude.com.br\/wp-content\/uploads\/2025\/05\/female-nurse-white-medical-coat-is-holding-tray.jpg\" class=\"attachment-large size-large wp-image-28\" alt=\"\" srcset=\"https:\/\/www.temperosaude.com.br\/wp-content\/uploads\/2025\/05\/female-nurse-white-medical-coat-is-holding-tray.jpg 600w, https:\/\/www.temperosaude.com.br\/wp-content\/uploads\/2025\/05\/female-nurse-white-medical-coat-is-holding-tray-300x214.jpg 300w\" sizes=\"(max-width: 600px) 100vw, 600px\" \/>\t\t\t\t\t\t\t\t\t\t\t\t\t\t\t<\/div>\n\t\t\t\t<\/div>\n\t\t\t\t<div class=\"elementor-element elementor-element-d9c3d4d elementor-widget elementor-widget-heading\" data-id=\"d9c3d4d\" data-element_type=\"widget\" data-e-type=\"widget\" data-widget_type=\"heading.default\">\n\t\t\t\t<div class=\"elementor-widget-container\">\n\t\t\t\t\t<h5 class=\"elementor-heading-title elementor-size-default\">Aconchegante<\/h5>\t\t\t\t<\/div>\n\t\t\t\t<\/div>\n\t\t\t\t<div class=\"elementor-element elementor-element-292c86be elementor-widget elementor-widget-text-editor\" data-id=\"292c86be\" data-element_type=\"widget\" data-e-type=\"widget\" data-widget_type=\"text-editor.default\">\n\t\t\t\t<div class=\"elementor-widget-container\">\n\t\t\t\t\t\t\t\t\t<p>Criamos um ambiente acolhedor, onde cada refei\u00e7\u00e3o se torna uma experi\u00eancia que nutre n\u00e3o apenas o corpo, mas tamb\u00e9m a alma.<\/p>\t\t\t\t\t\t\t\t<\/div>\n\t\t\t\t<\/div>\n\t\t\t\t<\/div>\n\t\t\t\t\t<\/div>\n\t\t\t\t<\/div>\n\t\t<div class=\"elementor-element elementor-element-2a0c8126 e-flex e-con-boxed wpr-particle-no wpr-jarallax-no wpr-parallax-no wpr-sticky-section-no wpr-equal-height-no e-con e-parent\" data-id=\"2a0c8126\" data-element_type=\"container\" data-e-type=\"container\" data-settings=\"{&quot;background_background&quot;:&quot;classic&quot;}\">\n\t\t\t\t\t<div class=\"e-con-inner\">\n\t\t<div class=\"elementor-element elementor-element-7134e85e e-con-full e-flex wpr-particle-no wpr-jarallax-no wpr-parallax-no wpr-sticky-section-no wpr-equal-height-no e-con e-child\" data-id=\"7134e85e\" data-element_type=\"container\" data-e-type=\"container\">\n\t\t\t\t<div class=\"elementor-element elementor-element-69b70d92 elementor-widget elementor-widget-heading\" data-id=\"69b70d92\" data-element_type=\"widget\" data-e-type=\"widget\" data-widget_type=\"heading.default\">\n\t\t\t\t<div class=\"elementor-widget-container\">\n\t\t\t\t\t<h2 class=\"elementor-heading-title elementor-size-default\">Menu assinado<\/h2>\t\t\t\t<\/div>\n\t\t\t\t<\/div>\n\t\t\t\t<div class=\"elementor-element elementor-element-7c66a9f8 elementor-widget elementor-widget-heading\" data-id=\"7c66a9f8\" data-element_type=\"widget\" data-e-type=\"widget\" data-widget_type=\"heading.default\">\n\t\t\t\t<div class=\"elementor-widget-container\">\n\t\t\t\t\t<h2 class=\"elementor-heading-title elementor-size-default\">Nosso menu \u00e9 assinado pela Chef Jaque Alves<\/h2>\t\t\t\t<\/div>\n\t\t\t\t<\/div>\n\t\t\t\t<\/div>\n\t\t\t\t\t<\/div>\n\t\t\t\t<\/div>\n\t\t<div class=\"elementor-element elementor-element-400ef439 e-con-full e-flex wpr-particle-no wpr-jarallax-no wpr-parallax-no wpr-sticky-section-no wpr-equal-height-no e-con e-parent\" data-id=\"400ef439\" data-element_type=\"container\" data-e-type=\"container\" data-settings=\"{&quot;background_background&quot;:&quot;classic&quot;}\">\n\t\t<div class=\"elementor-element elementor-element-729f1801 e-con-full e-flex wpr-particle-no wpr-jarallax-no wpr-parallax-no wpr-sticky-section-no wpr-equal-height-no e-con e-child\" data-id=\"729f1801\" data-element_type=\"container\" data-e-type=\"container\">\n\t\t\t\t<div class=\"elementor-element elementor-element-19539395 gallery-spacing-custom elementor-widget elementor-widget-image-gallery\" data-id=\"19539395\" data-element_type=\"widget\" data-e-type=\"widget\" data-widget_type=\"image-gallery.default\">\n\t\t\t\t<div class=\"elementor-widget-container\">\n\t\t\t\t\t\t\t<div class=\"elementor-image-gallery\">\n\t\t\t<div id='gallery-1' class='gallery galleryid-16 gallery-columns-3 gallery-size-full'><figure class='gallery-item'>\n\t\t\t<div class='gallery-icon landscape'>\n\t\t\t\t<a data-elementor-open-lightbox=\"yes\" data-elementor-lightbox-slideshow=\"19539395\" data-elementor-lightbox-title=\"close-up-food-plate-table\" data-e-action-hash=\"#elementor-action%3Aaction%3Dlightbox%26settings%3DeyJpZCI6MjMsInVybCI6Imh0dHBzOlwvXC93d3cudGVtcGVyb3NhdWRlLmNvbS5iclwvd3AtY29udGVudFwvdXBsb2Fkc1wvMjAyNVwvMDVcL2Nsb3NlLXVwLWZvb2QtcGxhdGUtdGFibGUuanBnIiwic2xpZGVzaG93IjoiMTk1MzkzOTUifQ%3D%3D\" href='https:\/\/www.temperosaude.com.br\/wp-content\/uploads\/2025\/05\/close-up-food-plate-table.jpg'><img loading=\"lazy\" decoding=\"async\" width=\"600\" height=\"427\" src=\"https:\/\/www.temperosaude.com.br\/wp-content\/uploads\/2025\/05\/close-up-food-plate-table.jpg\" class=\"attachment-full size-full\" alt=\"\" srcset=\"https:\/\/www.temperosaude.com.br\/wp-content\/uploads\/2025\/05\/close-up-food-plate-table.jpg 600w, https:\/\/www.temperosaude.com.br\/wp-content\/uploads\/2025\/05\/close-up-food-plate-table-300x214.jpg 300w\" sizes=\"(max-width: 600px) 100vw, 600px\" \/><\/a>\n\t\t\t<\/div><\/figure><figure class='gallery-item'>\n\t\t\t<div class='gallery-icon landscape'>\n\t\t\t\t<a data-elementor-open-lightbox=\"yes\" data-elementor-lightbox-slideshow=\"19539395\" data-elementor-lightbox-title=\"chef-preparing-dish-healthy-food\" data-e-action-hash=\"#elementor-action%3Aaction%3Dlightbox%26settings%3DeyJpZCI6MjIsInVybCI6Imh0dHBzOlwvXC93d3cudGVtcGVyb3NhdWRlLmNvbS5iclwvd3AtY29udGVudFwvdXBsb2Fkc1wvMjAyNVwvMDVcL2NoZWYtcHJlcGFyaW5nLWRpc2gtaGVhbHRoeS1mb29kLmpwZyIsInNsaWRlc2hvdyI6IjE5NTM5Mzk1In0%3D\" href='https:\/\/www.temperosaude.com.br\/wp-content\/uploads\/2025\/05\/chef-preparing-dish-healthy-food.jpg'><img loading=\"lazy\" decoding=\"async\" width=\"600\" height=\"427\" src=\"https:\/\/www.temperosaude.com.br\/wp-content\/uploads\/2025\/05\/chef-preparing-dish-healthy-food.jpg\" class=\"attachment-full size-full\" alt=\"\" srcset=\"https:\/\/www.temperosaude.com.br\/wp-content\/uploads\/2025\/05\/chef-preparing-dish-healthy-food.jpg 600w, https:\/\/www.temperosaude.com.br\/wp-content\/uploads\/2025\/05\/chef-preparing-dish-healthy-food-300x214.jpg 300w\" sizes=\"(max-width: 600px) 100vw, 600px\" \/><\/a>\n\t\t\t<\/div><\/figure><figure class='gallery-item'>\n\t\t\t<div class='gallery-icon landscape'>\n\t\t\t\t<a data-elementor-open-lightbox=\"yes\" data-elementor-lightbox-slideshow=\"19539395\" data-elementor-lightbox-title=\"dishes-traditional-russian-cuisine-restaurant-serving\" data-e-action-hash=\"#elementor-action%3Aaction%3Dlightbox%26settings%3DeyJpZCI6MjYsInVybCI6Imh0dHBzOlwvXC93d3cudGVtcGVyb3NhdWRlLmNvbS5iclwvd3AtY29udGVudFwvdXBsb2Fkc1wvMjAyNVwvMDVcL2Rpc2hlcy10cmFkaXRpb25hbC1ydXNzaWFuLWN1aXNpbmUtcmVzdGF1cmFudC1zZXJ2aW5nLmpwZyIsInNsaWRlc2hvdyI6IjE5NTM5Mzk1In0%3D\" href='https:\/\/www.temperosaude.com.br\/wp-content\/uploads\/2025\/05\/dishes-traditional-russian-cuisine-restaurant-serving.jpg'><img loading=\"lazy\" decoding=\"async\" width=\"600\" height=\"427\" src=\"https:\/\/www.temperosaude.com.br\/wp-content\/uploads\/2025\/05\/dishes-traditional-russian-cuisine-restaurant-serving.jpg\" class=\"attachment-full size-full\" alt=\"\" srcset=\"https:\/\/www.temperosaude.com.br\/wp-content\/uploads\/2025\/05\/dishes-traditional-russian-cuisine-restaurant-serving.jpg 600w, https:\/\/www.temperosaude.com.br\/wp-content\/uploads\/2025\/05\/dishes-traditional-russian-cuisine-restaurant-serving-300x214.jpg 300w\" sizes=\"(max-width: 600px) 100vw, 600px\" \/><\/a>\n\t\t\t<\/div><\/figure>\n\t\t<\/div>\n\t\t<\/div>\n\t\t\t\t\t\t<\/div>\n\t\t\t\t<\/div>\n\t\t\t\t<\/div>\n\t\t\t\t<\/div>\n\t\t<div class=\"elementor-element elementor-element-51d8a287 e-flex e-con-boxed wpr-particle-no wpr-jarallax-no wpr-parallax-no wpr-sticky-section-no wpr-equal-height-no e-con e-parent\" data-id=\"51d8a287\" data-element_type=\"container\" data-e-type=\"container\" data-settings=\"{&quot;background_background&quot;:&quot;classic&quot;}\">\n\t\t\t\t\t<div class=\"e-con-inner\">\n\t\t<div class=\"elementor-element elementor-element-38167d e-flex e-con-boxed wpr-particle-no wpr-jarallax-no wpr-parallax-no wpr-sticky-section-no wpr-equal-height-no e-con e-child\" data-id=\"38167d\" data-element_type=\"container\" data-e-type=\"container\">\n\t\t\t\t\t<div class=\"e-con-inner\">\n\t\t\t\t<div class=\"elementor-element elementor-element-f75696d elementor-widget elementor-widget-heading\" data-id=\"f75696d\" data-element_type=\"widget\" data-e-type=\"widget\" data-widget_type=\"heading.default\">\n\t\t\t\t<div class=\"elementor-widget-container\">\n\t\t\t\t\t<h2 class=\"elementor-heading-title elementor-size-default\">Tempero Sa\u00fade<\/h2>\t\t\t\t<\/div>\n\t\t\t\t<\/div>\n\t\t\t\t<div class=\"elementor-element elementor-element-5b75180d elementor-widget elementor-widget-text-editor\" data-id=\"5b75180d\" data-element_type=\"widget\" data-e-type=\"widget\" data-widget_type=\"text-editor.default\">\n\t\t\t\t<div class=\"elementor-widget-container\">\n\t\t\t\t\t\t\t\t\t<p><strong>Tempero Sa\u00fade<\/strong> \u00e9 o seu destino para uma alimenta\u00e7\u00e3o hospitalar que combina sabor e nutri\u00e7\u00e3o em cada prato. Nossa miss\u00e3o \u00e9 proporcionar refei\u00e7\u00f5es cuidadosamente preparadas, utilizando ingredientes frescos e saud\u00e1veis, para atender \u00e0s necessidades de quem busca bem-estar e recupera\u00e7\u00e3o.<\/p><p>No <strong>Tempero Sa\u00fade<\/strong>, acreditamos que comer bem \u00e9 fundamental para a sa\u00fade, e nossa equipe est\u00e1 comprometida em criar uma experi\u00eancia gastron\u00f4mica aconchegante, onde o paladar e a nutri\u00e7\u00e3o andam de m\u00e3os dadas. Venha experimentar nossos pratos feitos com carinho e dedica\u00e7\u00e3o, porque a sua sa\u00fade merece o melhor tempero!<\/p>\t\t\t\t\t\t\t\t<\/div>\n\t\t\t\t<\/div>\n\t\t\t\t<div class=\"elementor-element elementor-element-10fa8cf9 elementor-widget elementor-widget-image\" data-id=\"10fa8cf9\" data-element_type=\"widget\" data-e-type=\"widget\" data-widget_type=\"image.default\">\n\t\t\t\t<div class=\"elementor-widget-container\">\n\t\t\t\t\t\t\t\t\t\t\t\t\t\t\t<img loading=\"lazy\" decoding=\"async\" width=\"600\" height=\"427\" src=\"https:\/\/www.temperosaude.com.br\/wp-content\/uploads\/2025\/05\/pork-dish-restaurant-table.jpg\" class=\"attachment-full size-full wp-image-32\" alt=\"\" srcset=\"https:\/\/www.temperosaude.com.br\/wp-content\/uploads\/2025\/05\/pork-dish-restaurant-table.jpg 600w, https:\/\/www.temperosaude.com.br\/wp-content\/uploads\/2025\/05\/pork-dish-restaurant-table-300x214.jpg 300w\" sizes=\"(max-width: 600px) 100vw, 600px\" \/>\t\t\t\t\t\t\t\t\t\t\t\t\t\t\t<\/div>\n\t\t\t\t<\/div>\n\t\t\t\t\t<\/div>\n\t\t\t\t<\/div>\n\t\t<div class=\"elementor-element elementor-element-166e3f82 e-flex e-con-boxed wpr-particle-no wpr-jarallax-no wpr-parallax-no wpr-sticky-section-no wpr-equal-height-no e-con e-child\" data-id=\"166e3f82\" data-element_type=\"container\" data-e-type=\"container\">\n\t\t\t\t\t<div class=\"e-con-inner\">\n\t\t\t\t<div class=\"elementor-element elementor-element-d29cb5f elementor-widget elementor-widget-image\" data-id=\"d29cb5f\" data-element_type=\"widget\" data-e-type=\"widget\" data-widget_type=\"image.default\">\n\t\t\t\t<div class=\"elementor-widget-container\">\n\t\t\t\t\t\t\t\t\t\t\t\t\t\t\t<img loading=\"lazy\" decoding=\"async\" width=\"600\" height=\"427\" src=\"https:\/\/www.temperosaude.com.br\/wp-content\/uploads\/2025\/05\/famous-food-dish-isolated-white-background.jpg\" class=\"attachment-full size-full wp-image-27\" alt=\"\" srcset=\"https:\/\/www.temperosaude.com.br\/wp-content\/uploads\/2025\/05\/famous-food-dish-isolated-white-background.jpg 600w, https:\/\/www.temperosaude.com.br\/wp-content\/uploads\/2025\/05\/famous-food-dish-isolated-white-background-300x214.jpg 300w\" sizes=\"(max-width: 600px) 100vw, 600px\" \/>\t\t\t\t\t\t\t\t\t\t\t\t\t\t\t<\/div>\n\t\t\t\t<\/div>\n\t\t\t\t<div class=\"elementor-element elementor-element-477f1b54 elementor-widget elementor-widget-image\" data-id=\"477f1b54\" data-element_type=\"widget\" data-e-type=\"widget\" data-widget_type=\"image.default\">\n\t\t\t\t<div class=\"elementor-widget-container\">\n\t\t\t\t\t\t\t\t\t\t\t\t\t\t\t<img loading=\"lazy\" decoding=\"async\" width=\"600\" height=\"427\" src=\"https:\/\/www.temperosaude.com.br\/wp-content\/uploads\/2025\/05\/directly-shot-food-plate.jpg\" class=\"attachment-full size-full wp-image-25\" alt=\"\" srcset=\"https:\/\/www.temperosaude.com.br\/wp-content\/uploads\/2025\/05\/directly-shot-food-plate.jpg 600w, https:\/\/www.temperosaude.com.br\/wp-content\/uploads\/2025\/05\/directly-shot-food-plate-300x214.jpg 300w\" sizes=\"(max-width: 600px) 100vw, 600px\" \/>\t\t\t\t\t\t\t\t\t\t\t\t\t\t\t<\/div>\n\t\t\t\t<\/div>\n\t\t\t\t\t<\/div>\n\t\t\t\t<\/div>\n\t\t\t\t\t<\/div>\n\t\t\t\t<\/div>\n\t\t\t\t<\/div>\n\t\t","protected":false},"excerpt":{"rendered":"<p>Comendo bemcom sa\u00fade Comer bem \u00e9 essencial para manter a sa\u00fade em dia, e isso se reflete diretamente em nosso bem-estar. No nosso restaurante, cada prato \u00e9 elaborado com ingredientes frescos e nutritivos, garantindo sabor e qualidade em cada garfada. Acreditamos que uma alimenta\u00e7\u00e3o equilibrada n\u00e3o precisa ser sem gra\u00e7a; pelo contr\u00e1rio, ela pode ser uma experi\u00eancia deliciosa! Nossa miss\u00e3o \u00e9 oferecer refei\u00e7\u00f5es que nutram o corpo e elevem o esp\u00edrito, sempre com a seguran\u00e7a que o ambiente hospitalar exige. Venha saborear uma refei\u00e7\u00e3o saud\u00e1vel e descubra como comer bem pode ser prazeroso! Saboroso Cada prato \u00e9 uma explos\u00e3o de sabores, provando que alimenta\u00e7\u00e3o hospitalar pode ser deliciosa e reconfortante. Nutritivo Nossas refei\u00e7\u00f5es s\u00e3o cuidadosamente preparadas com ingredientes frescos, garantindo o aporte nutricional necess\u00e1rio para uma recupera\u00e7\u00e3o saud\u00e1vel. Aconchegante Criamos um ambiente acolhedor, onde cada refei\u00e7\u00e3o se torna uma experi\u00eancia que nutre n\u00e3o apenas o corpo, mas tamb\u00e9m a alma. Menu assinado Nosso menu \u00e9 assinado pela Chef Jaque Alves Tempero Sa\u00fade Tempero Sa\u00fade \u00e9 o seu destino para uma alimenta\u00e7\u00e3o hospitalar que combina sabor e nutri\u00e7\u00e3o em cada prato. Nossa miss\u00e3o \u00e9 proporcionar refei\u00e7\u00f5es cuidadosamente preparadas, utilizando ingredientes frescos e saud\u00e1veis, para atender \u00e0s necessidades de quem busca bem-estar e recupera\u00e7\u00e3o. No Tempero Sa\u00fade, acreditamos que comer bem \u00e9 fundamental para a sa\u00fade, e nossa equipe est\u00e1 comprometida em criar uma experi\u00eancia gastron\u00f4mica aconchegante, onde o paladar e a nutri\u00e7\u00e3o andam de m\u00e3os dadas. Venha experimentar nossos pratos feitos com carinho e dedica\u00e7\u00e3o, porque a sua sa\u00fade merece o melhor tempero!<\/p>\n","protected":false},"author":1,"featured_media":0,"parent":0,"menu_order":0,"comment_status":"closed","ping_status":"closed","template":"elementor_canvas","meta":{"footnotes":""},"class_list":["post-16","page","type-page","status-publish","hentry"],"aioseo_notices":[],"_links":{"self":[{"href":"https:\/\/www.temperosaude.com.br\/index.php?rest_route=\/wp\/v2\/pages\/16","targetHints":{"allow":["GET"]}}],"collection":[{"href":"https:\/\/www.temperosaude.com.br\/index.php?rest_route=\/wp\/v2\/pages"}],"about":[{"href":"https:\/\/www.temperosaude.com.br\/index.php?rest_route=\/wp\/v2\/types\/page"}],"author":[{"embeddable":true,"href":"https:\/\/www.temperosaude.com.br\/index.php?rest_route=\/wp\/v2\/users\/1"}],"replies":[{"embeddable":true,"href":"https:\/\/www.temperosaude.com.br\/index.php?rest_route=%2Fwp%2Fv2%2Fcomments&post=16"}],"version-history":[{"count":5,"href":"https:\/\/www.temperosaude.com.br\/index.php?rest_route=\/wp\/v2\/pages\/16\/revisions"}],"predecessor-version":[{"id":45,"href":"https:\/\/www.temperosaude.com.br\/index.php?rest_route=\/wp\/v2\/pages\/16\/revisions\/45"}],"wp:attachment":[{"href":"https:\/\/www.temperosaude.com.br\/index.php?rest_route=%2Fwp%2Fv2%2Fmedia&parent=16"}],"curies":[{"name":"wp","href":"https:\/\/api.w.org\/{rel}","templated":true}]}}